{"id":970,"date":"2022-07-06T16:40:00","date_gmt":"2022-07-06T14:40:00","guid":{"rendered":"https:\/\/www.erasmus-smartmobility.eu\/?page_id=970"},"modified":"2022-10-23T15:34:42","modified_gmt":"2022-10-23T13:34:42","slug":"imprint","status":"publish","type":"page","link":"https:\/\/www.erasmus-smartmobility.eu\/en\/imprint\/","title":{"rendered":"Imprint"},"content":{"rendered":"<p>[et_pb_section fb_built=&#8221;1&#8243; admin_label=&#8221;section&#8221; _builder_version=&#8221;4.16&#8243; global_colors_info=&#8221;{}&#8221;][et_pb_row admin_label=&#8221;row&#8221; _builder_version=&#8221;4.16&#8243; background_size=&#8221;initial&#8221; background_position=&#8221;top_left&#8221; background_repeat=&#8221;repeat&#8221; global_colors_info=&#8221;{}&#8221;][et_pb_column type=&#8221;4_4&#8243; _builder_version=&#8221;4.16&#8243; custom_padding=&#8221;|||&#8221; global_colors_info=&#8221;{}&#8221; custom_padding__hover=&#8221;|||&#8221;][et_pb_text _builder_version=&#8221;4.17.6&#8243; _module_preset=&#8221;default&#8221; hover_enabled=&#8221;0&#8243; sticky_enabled=&#8221;0&#8243;]<\/p>\n<h1>Site Notice<\/h1>\n<h2>Information pursuant to Sect. 5 German Telemedia Act (TMG)<\/h2>\n<p>Hellenstein-Gymnasium<br \/>Bahnhofplatz 8<br \/>89518 Heidenheim an der Brenz<\/p>\n<p><strong>Represented by:<\/strong><br \/>Schulleiter: Herr OStD Holger Nagel<br \/>Datenschutz: datenschutz@hellenstein-gymnasium.de<br \/>Schultr\u00e4ger: Stadt Heidenheim<\/p>\n<h2>Contact<\/h2>\n<p>Phone: +49(0)7321 \/ 327 5400<br \/>Telefax: +49(0)7321 \/ 327 5413<br \/>E-mail: e.kartaly@hellenstein-gymnasium.de<\/p>\n<h2>EU dispute resolution<\/h2>\n<p>The European Commission provides a platform for online dispute resolution (ODR): <a href=\"https:\/\/ec.europa.eu\/consumers\/odr\/\" target=\"_blank\" rel=\"noopener noreferrer\">https:\/\/ec.europa.eu\/consumers\/odr\/<\/a>.<br \/>Our e-mail address can be found above in the site notice.<\/p>\n<h2>Dispute resolution proceedings in front of a consumer arbitration board<\/h2>\n<p>We participate in a dispute settlement procedure before a consumer arbitration board. The competent consumer arbitration board is Zentrum f\u00fcr Schlichtung e.V., Stra\u00dfburger Stra\u00dfe 8, 77694 Kehl am Rhein (<a href=\"https:\/\/www.verbraucher-schlichter.de\" target=\"_blank\" rel=\"noopener noreferrer\">https:\/\/www.verbraucher-schlichter.de<\/a>).<\/p>\n<p>[\/et_pb_text][\/et_pb_column][\/et_pb_row][\/et_pb_section]<\/p>\n","protected":false},"excerpt":{"rendered":"<p>Site Notice Information pursuant to Sect. 5 German Telemedia Act (TMG) Hellenstein-GymnasiumBahnhofplatz 889518 Heidenheim an der Brenz Represented by:Schulleiter: Herr OStD Holger NagelDatenschutz: datenschutz@hellenstein-gymnasium.deSchultr\u00e4ger: Stadt Heidenheim Contact Phone: +49(0)7321 \/ 327 5400Telefax: +49(0)7321 \/ 327 5413E-mail: e.kartaly@hellenstein-gymnasium.de EU dispute resolution The European Commission provides a platform for online dispute resolution (ODR): https:\/\/ec.europa.eu\/consumers\/odr\/.Our e-mail address can [&hellip;]<\/p>\n","protected":false},"author":1,"featured_media":0,"parent":0,"menu_order":0,"comment_status":"closed","ping_status":"closed","template":"","meta":{"_et_pb_use_builder":"on","_et_pb_old_content":"","_et_gb_content_width":"","footnotes":""},"class_list":["post-970","page","type-page","status-publish","hentry"],"yoast_head":"<!-- This site is optimized with the Yoast SEO plugin v19.9 - https:\/\/yoast.com\/wordpress\/plugins\/seo\/ -->\n<title>Imprint | Smart Mobility 2.0<\/title>\n<meta name=\"robots\" content=\"index, follow, max-snippet:-1, max-image-preview:large, max-video-preview:-1\" \/>\n<link rel=\"canonical\" href=\"https:\/\/www.erasmus-smartmobility.eu\/en\/imprint\/\" \/>\n<meta property=\"og:locale\" content=\"en_US\" \/>\n<meta property=\"og:type\" content=\"article\" \/>\n<meta property=\"og:title\" content=\"Imprint | Smart Mobility 2.0\" \/>\n<meta property=\"og:description\" content=\"Site Notice Information pursuant to Sect. 5 German Telemedia Act (TMG) Hellenstein-GymnasiumBahnhofplatz 889518 Heidenheim an der Brenz Represented by:Schulleiter: Herr OStD Holger NagelDatenschutz: datenschutz@hellenstein-gymnasium.deSchultr\u00e4ger: Stadt Heidenheim Contact Phone: +49(0)7321 \/ 327 5400Telefax: +49(0)7321 \/ 327 5413E-mail: e.kartaly@hellenstein-gymnasium.de EU dispute resolution The European Commission provides a platform for online dispute resolution (ODR): https:\/\/ec.europa.eu\/consumers\/odr\/.Our e-mail address can [&hellip;]\" \/>\n<meta property=\"og:url\" content=\"https:\/\/www.erasmus-smartmobility.eu\/en\/imprint\/\" \/>\n<meta property=\"og:site_name\" content=\"Smart Mobility 2.0\" \/>\n<meta property=\"article:modified_time\" content=\"2022-10-23T13:34:42+00:00\" \/>\n<meta name=\"twitter:card\" content=\"summary_large_image\" \/>\n<script type=\"application\/ld+json\" class=\"yoast-schema-graph\">{\"@context\":\"https:\/\/schema.org\",\"@graph\":[{\"@type\":\"WebPage\",\"@id\":\"https:\/\/www.erasmus-smartmobility.eu\/en\/imprint\/\",\"url\":\"https:\/\/www.erasmus-smartmobility.eu\/en\/imprint\/\",\"name\":\"Imprint | Smart Mobility 2.0\",\"isPartOf\":{\"@id\":\"https:\/\/www.erasmus-smartmobility.eu\/#website\"},\"datePublished\":\"2022-07-06T14:40:00+00:00\",\"dateModified\":\"2022-10-23T13:34:42+00:00\",\"breadcrumb\":{\"@id\":\"https:\/\/www.erasmus-smartmobility.eu\/en\/imprint\/#breadcrumb\"},\"inLanguage\":\"en-US\",\"potentialAction\":[{\"@type\":\"ReadAction\",\"target\":[\"https:\/\/www.erasmus-smartmobility.eu\/en\/imprint\/\"]}]},{\"@type\":\"BreadcrumbList\",\"@id\":\"https:\/\/www.erasmus-smartmobility.eu\/en\/imprint\/#breadcrumb\",\"itemListElement\":[{\"@type\":\"ListItem\",\"position\":1,\"name\":\"Startseite\",\"item\":\"https:\/\/www.erasmus-smartmobility.eu\/en\/home\/\"},{\"@type\":\"ListItem\",\"position\":2,\"name\":\"Imprint\"}]},{\"@type\":\"WebSite\",\"@id\":\"https:\/\/www.erasmus-smartmobility.eu\/#website\",\"url\":\"https:\/\/www.erasmus-smartmobility.eu\/\",\"name\":\"Smart Mobility 2.0\",\"description\":\"Smart unterwegs - besser leben\",\"potentialAction\":[{\"@type\":\"SearchAction\",\"target\":{\"@type\":\"EntryPoint\",\"urlTemplate\":\"https:\/\/www.erasmus-smartmobility.eu\/?s={search_term_string}\"},\"query-input\":\"required name=search_term_string\"}],\"inLanguage\":\"en-US\"}]}<\/script>\n<!-- \/ Yoast SEO plugin. -->","yoast_head_json":{"title":"Imprint | Smart Mobility 2.0","robots":{"index":"index","follow":"follow","max-snippet":"max-snippet:-1","max-image-preview":"max-image-preview:large","max-video-preview":"max-video-preview:-1"},"canonical":"https:\/\/www.erasmus-smartmobility.eu\/en\/imprint\/","og_locale":"en_US","og_type":"article","og_title":"Imprint | Smart Mobility 2.0","og_description":"Site Notice Information pursuant to Sect. 5 German Telemedia Act (TMG) Hellenstein-GymnasiumBahnhofplatz 889518 Heidenheim an der Brenz Represented by:Schulleiter: Herr OStD Holger NagelDatenschutz: datenschutz@hellenstein-gymnasium.deSchultr\u00e4ger: Stadt Heidenheim Contact Phone: +49(0)7321 \/ 327 5400Telefax: +49(0)7321 \/ 327 5413E-mail: e.kartaly@hellenstein-gymnasium.de EU dispute resolution The European Commission provides a platform for online dispute resolution (ODR): https:\/\/ec.europa.eu\/consumers\/odr\/.Our e-mail address can [&hellip;]","og_url":"https:\/\/www.erasmus-smartmobility.eu\/en\/imprint\/","og_site_name":"Smart Mobility 2.0","article_modified_time":"2022-10-23T13:34:42+00:00","twitter_card":"summary_large_image","schema":{"@context":"https:\/\/schema.org","@graph":[{"@type":"WebPage","@id":"https:\/\/www.erasmus-smartmobility.eu\/en\/imprint\/","url":"https:\/\/www.erasmus-smartmobility.eu\/en\/imprint\/","name":"Imprint | Smart Mobility 2.0","isPartOf":{"@id":"https:\/\/www.erasmus-smartmobility.eu\/#website"},"datePublished":"2022-07-06T14:40:00+00:00","dateModified":"2022-10-23T13:34:42+00:00","breadcrumb":{"@id":"https:\/\/www.erasmus-smartmobility.eu\/en\/imprint\/#breadcrumb"},"inLanguage":"en-US","potentialAction":[{"@type":"ReadAction","target":["https:\/\/www.erasmus-smartmobility.eu\/en\/imprint\/"]}]},{"@type":"BreadcrumbList","@id":"https:\/\/www.erasmus-smartmobility.eu\/en\/imprint\/#breadcrumb","itemListElement":[{"@type":"ListItem","position":1,"name":"Startseite","item":"https:\/\/www.erasmus-smartmobility.eu\/en\/home\/"},{"@type":"ListItem","position":2,"name":"Imprint"}]},{"@type":"WebSite","@id":"https:\/\/www.erasmus-smartmobility.eu\/#website","url":"https:\/\/www.erasmus-smartmobility.eu\/","name":"Smart Mobility 2.0","description":"Smart unterwegs - besser leben","potentialAction":[{"@type":"SearchAction","target":{"@type":"EntryPoint","urlTemplate":"https:\/\/www.erasmus-smartmobility.eu\/?s={search_term_string}"},"query-input":"required name=search_term_string"}],"inLanguage":"en-US"}]}},"_links":{"self":[{"href":"https:\/\/www.erasmus-smartmobility.eu\/en\/wp-json\/wp\/v2\/pages\/970","targetHints":{"allow":["GET"]}}],"collection":[{"href":"https:\/\/www.erasmus-smartmobility.eu\/en\/wp-json\/wp\/v2\/pages"}],"about":[{"href":"https:\/\/www.erasmus-smartmobility.eu\/en\/wp-json\/wp\/v2\/types\/page"}],"author":[{"embeddable":true,"href":"https:\/\/www.erasmus-smartmobility.eu\/en\/wp-json\/wp\/v2\/users\/1"}],"replies":[{"embeddable":true,"href":"https:\/\/www.erasmus-smartmobility.eu\/en\/wp-json\/wp\/v2\/comments?post=970"}],"version-history":[{"count":2,"href":"https:\/\/www.erasmus-smartmobility.eu\/en\/wp-json\/wp\/v2\/pages\/970\/revisions"}],"predecessor-version":[{"id":972,"href":"https:\/\/www.erasmus-smartmobility.eu\/en\/wp-json\/wp\/v2\/pages\/970\/revisions\/972"}],"wp:attachment":[{"href":"https:\/\/www.erasmus-smartmobility.eu\/en\/wp-json\/wp\/v2\/media?parent=970"}],"curies":[{"name":"wp","href":"https:\/\/api.w.org\/{rel}","templated":true}]}}